{"id":208521,"date":"2021-12-29T15:24:09","date_gmt":"2021-12-29T14:24:09","guid":{"rendered":"https:\/\/transcultura.blogservice-fuerth.de\/cookies\/"},"modified":"2022-01-10T17:10:31","modified_gmt":"2022-01-10T16:10:31","slug":"cookies","status":"publish","type":"page","link":"https:\/\/www.transcultura.de\/fr\/cookies\/","title":{"rendered":"Cookies"},"content":{"rendered":"<p>[et_pb_section fb_built=\u00a0\u00bb1&Prime; _builder_version=\u00a0\u00bb4.14.1&Prime; _module_preset=\u00a0\u00bbdefault\u00a0\u00bb global_colors_info=\u00a0\u00bb{}\u00a0\u00bb][et_pb_row _builder_version=\u00a0\u00bb4.14.1&Prime; _module_preset=\u00a0\u00bbdefault\u00a0\u00bb global_colors_info=\u00a0\u00bb{}\u00a0\u00bb][et_pb_column type=\u00a0\u00bb4_4&Prime; _builder_version=\u00a0\u00bb4.14.1&Prime; _module_preset=\u00a0\u00bbdefault\u00a0\u00bb global_colors_info=\u00a0\u00bb{}\u00a0\u00bb][et_pb_text _builder_version=\u00a0\u00bb4.14.5&Prime; _module_preset=\u00a0\u00bbdefault\u00a0\u00bb hover_enabled=\u00a0\u00bb0&Prime; global_colors_info=\u00a0\u00bb{}\u00a0\u00bb sticky_enabled=\u00a0\u00bb0&Prime;]<\/p>\n<h2>Param\u00e9trage des cookies<\/h2>\n<p>Ici, vous pouvez modifier vous-m\u00eame vos param\u00e8tres de cookies.<\/p>\n<p><a href=\"#\" class=\"_brlbs-btn-cookie-preference borlabs-cookie-preference\">param\u00e8tres<\/a>[\/et_pb_text][\/et_pb_column][\/et_pb_row][\/et_pb_section]<\/p>\n","protected":false},"excerpt":{"rendered":"<p>Param\u00e9trage des cookies Ici, vous pouvez modifier vous-m\u00eame vos param\u00e8tres de cookies. <a href=\"#\" class=\"_brlbs-btn-cookie-preference borlabs-cookie-preference\">param\u00e8tres<\/a><\/p>\n","protected":false},"author":1,"featured_media":0,"parent":0,"menu_order":0,"comment_status":"closed","ping_status":"closed","template":"","meta":{"_et_pb_use_builder":"on","_et_pb_old_content":"","_et_gb_content_width":"","footnotes":""},"class_list":["post-208521","page","type-page","status-publish","hentry"],"yoast_head":"<!-- This site is optimized with the Yoast SEO plugin v27.4 - https:\/\/yoast.com\/product\/yoast-seo-wordpress\/ -->\n<title>Cookies | transcultura.de<\/title>\n<meta name=\"robots\" content=\"noindex, nofollow\" \/>\n<meta property=\"og:locale\" content=\"fr_FR\" \/>\n<meta property=\"og:type\" content=\"article\" \/>\n<meta property=\"og:title\" content=\"Cookies | transcultura.de\" \/>\n<meta property=\"og:description\" content=\"Param\u00e9trage des cookies Ici, vous pouvez modifier vous-m\u00eame vos param\u00e8tres de cookies.\" \/>\n<meta property=\"og:url\" content=\"https:\/\/www.transcultura.de\/fr\/cookies\/\" \/>\n<meta property=\"og:site_name\" content=\"transcultura.de\" \/>\n<meta property=\"article:publisher\" content=\"https:\/\/www.facebook.com\/transculturasprachenservice\" \/>\n<meta property=\"article:modified_time\" content=\"2022-01-10T16:10:31+00:00\" \/>\n<meta name=\"twitter:card\" content=\"summary_large_image\" \/>\n<meta name=\"twitter:site\" content=\"@transcultura_de\" \/>\n<script type=\"application\/ld+json\" class=\"yoast-schema-graph\">{\"@context\":\"https:\\\/\\\/schema.org\",\"@graph\":[{\"@type\":\"WebPage\",\"@id\":\"https:\\\/\\\/www.transcultura.de\\\/fr\\\/cookies\\\/\",\"url\":\"https:\\\/\\\/www.transcultura.de\\\/fr\\\/cookies\\\/\",\"name\":\"Cookies | transcultura.de\",\"isPartOf\":{\"@id\":\"https:\\\/\\\/www.transcultura.de\\\/fr\\\/#website\"},\"datePublished\":\"2021-12-29T14:24:09+00:00\",\"dateModified\":\"2022-01-10T16:10:31+00:00\",\"breadcrumb\":{\"@id\":\"https:\\\/\\\/www.transcultura.de\\\/fr\\\/cookies\\\/#breadcrumb\"},\"inLanguage\":\"fr-FR\",\"potentialAction\":[{\"@type\":\"ReadAction\",\"target\":[\"https:\\\/\\\/www.transcultura.de\\\/fr\\\/cookies\\\/\"]}]},{\"@type\":\"BreadcrumbList\",\"@id\":\"https:\\\/\\\/www.transcultura.de\\\/fr\\\/cookies\\\/#breadcrumb\",\"itemListElement\":[{\"@type\":\"ListItem\",\"position\":1,\"name\":\"Startseite\",\"item\":\"https:\\\/\\\/www.transcultura.de\\\/fr\\\/\"},{\"@type\":\"ListItem\",\"position\":2,\"name\":\"Cookies\"}]},{\"@type\":\"WebSite\",\"@id\":\"https:\\\/\\\/www.transcultura.de\\\/fr\\\/#website\",\"url\":\"https:\\\/\\\/www.transcultura.de\\\/fr\\\/\",\"name\":\"transcultura.de\",\"description\":\"Professionelles \u00dcbersetzungsb\u00fcro seit 20 Jahren in Schwabach.\",\"publisher\":{\"@id\":\"https:\\\/\\\/www.transcultura.de\\\/fr\\\/#organization\"},\"potentialAction\":[{\"@type\":\"SearchAction\",\"target\":{\"@type\":\"EntryPoint\",\"urlTemplate\":\"https:\\\/\\\/www.transcultura.de\\\/fr\\\/?s={search_term_string}\"},\"query-input\":{\"@type\":\"PropertyValueSpecification\",\"valueRequired\":true,\"valueName\":\"search_term_string\"}}],\"inLanguage\":\"fr-FR\"},{\"@type\":\"Organization\",\"@id\":\"https:\\\/\\\/www.transcultura.de\\\/fr\\\/#organization\",\"name\":\"transcultura Sprachenservice\",\"url\":\"https:\\\/\\\/www.transcultura.de\\\/fr\\\/\",\"logo\":{\"@type\":\"ImageObject\",\"inLanguage\":\"fr-FR\",\"@id\":\"https:\\\/\\\/www.transcultura.de\\\/fr\\\/#\\\/schema\\\/logo\\\/image\\\/\",\"url\":\"https:\\\/\\\/www.transcultura.de\\\/wp-content\\\/uploads\\\/2021\\\/08\\\/transcultura_Logo_neu.png\",\"contentUrl\":\"https:\\\/\\\/www.transcultura.de\\\/wp-content\\\/uploads\\\/2021\\\/08\\\/transcultura_Logo_neu.png\",\"width\":500,\"height\":116,\"caption\":\"transcultura Sprachenservice\"},\"image\":{\"@id\":\"https:\\\/\\\/www.transcultura.de\\\/fr\\\/#\\\/schema\\\/logo\\\/image\\\/\"},\"sameAs\":[\"https:\\\/\\\/www.facebook.com\\\/transculturasprachenservice\",\"https:\\\/\\\/x.com\\\/transcultura_de\",\"https:\\\/\\\/www.instagram.com\\\/transcultura.de\\\/\",\"https:\\\/\\\/www.linkedin.com\\\/in\\\/elke-trautwein-76700116\\\/\"]}]}<\/script>\n<!-- \/ Yoast SEO plugin. -->","yoast_head_json":{"title":"Cookies | transcultura.de","robots":{"index":"noindex","follow":"nofollow"},"og_locale":"fr_FR","og_type":"article","og_title":"Cookies | transcultura.de","og_description":"Param\u00e9trage des cookies Ici, vous pouvez modifier vous-m\u00eame vos param\u00e8tres de cookies.","og_url":"https:\/\/www.transcultura.de\/fr\/cookies\/","og_site_name":"transcultura.de","article_publisher":"https:\/\/www.facebook.com\/transculturasprachenservice","article_modified_time":"2022-01-10T16:10:31+00:00","twitter_card":"summary_large_image","twitter_site":"@transcultura_de","schema":{"@context":"https:\/\/schema.org","@graph":[{"@type":"WebPage","@id":"https:\/\/www.transcultura.de\/fr\/cookies\/","url":"https:\/\/www.transcultura.de\/fr\/cookies\/","name":"Cookies | transcultura.de","isPartOf":{"@id":"https:\/\/www.transcultura.de\/fr\/#website"},"datePublished":"2021-12-29T14:24:09+00:00","dateModified":"2022-01-10T16:10:31+00:00","breadcrumb":{"@id":"https:\/\/www.transcultura.de\/fr\/cookies\/#breadcrumb"},"inLanguage":"fr-FR","potentialAction":[{"@type":"ReadAction","target":["https:\/\/www.transcultura.de\/fr\/cookies\/"]}]},{"@type":"BreadcrumbList","@id":"https:\/\/www.transcultura.de\/fr\/cookies\/#breadcrumb","itemListElement":[{"@type":"ListItem","position":1,"name":"Startseite","item":"https:\/\/www.transcultura.de\/fr\/"},{"@type":"ListItem","position":2,"name":"Cookies"}]},{"@type":"WebSite","@id":"https:\/\/www.transcultura.de\/fr\/#website","url":"https:\/\/www.transcultura.de\/fr\/","name":"transcultura.de","description":"Professionelles \u00dcbersetzungsb\u00fcro seit 20 Jahren in Schwabach.","publisher":{"@id":"https:\/\/www.transcultura.de\/fr\/#organization"},"potentialAction":[{"@type":"SearchAction","target":{"@type":"EntryPoint","urlTemplate":"https:\/\/www.transcultura.de\/fr\/?s={search_term_string}"},"query-input":{"@type":"PropertyValueSpecification","valueRequired":true,"valueName":"search_term_string"}}],"inLanguage":"fr-FR"},{"@type":"Organization","@id":"https:\/\/www.transcultura.de\/fr\/#organization","name":"transcultura Sprachenservice","url":"https:\/\/www.transcultura.de\/fr\/","logo":{"@type":"ImageObject","inLanguage":"fr-FR","@id":"https:\/\/www.transcultura.de\/fr\/#\/schema\/logo\/image\/","url":"https:\/\/www.transcultura.de\/wp-content\/uploads\/2021\/08\/transcultura_Logo_neu.png","contentUrl":"https:\/\/www.transcultura.de\/wp-content\/uploads\/2021\/08\/transcultura_Logo_neu.png","width":500,"height":116,"caption":"transcultura Sprachenservice"},"image":{"@id":"https:\/\/www.transcultura.de\/fr\/#\/schema\/logo\/image\/"},"sameAs":["https:\/\/www.facebook.com\/transculturasprachenservice","https:\/\/x.com\/transcultura_de","https:\/\/www.instagram.com\/transcultura.de\/","https:\/\/www.linkedin.com\/in\/elke-trautwein-76700116\/"]}]}},"_links":{"self":[{"href":"https:\/\/www.transcultura.de\/fr\/wp-json\/wp\/v2\/pages\/208521","targetHints":{"allow":["GET"]}}],"collection":[{"href":"https:\/\/www.transcultura.de\/fr\/wp-json\/wp\/v2\/pages"}],"about":[{"href":"https:\/\/www.transcultura.de\/fr\/wp-json\/wp\/v2\/types\/page"}],"author":[{"embeddable":true,"href":"https:\/\/www.transcultura.de\/fr\/wp-json\/wp\/v2\/users\/1"}],"replies":[{"embeddable":true,"href":"https:\/\/www.transcultura.de\/fr\/wp-json\/wp\/v2\/comments?post=208521"}],"version-history":[{"count":7,"href":"https:\/\/www.transcultura.de\/fr\/wp-json\/wp\/v2\/pages\/208521\/revisions"}],"predecessor-version":[{"id":208580,"href":"https:\/\/www.transcultura.de\/fr\/wp-json\/wp\/v2\/pages\/208521\/revisions\/208580"}],"wp:attachment":[{"href":"https:\/\/www.transcultura.de\/fr\/wp-json\/wp\/v2\/media?parent=208521"}],"curies":[{"name":"wp","href":"https:\/\/api.w.org\/{rel}","templated":true}]}}