{"id":208472,"date":"2021-12-26T10:33:22","date_gmt":"2021-12-26T09:33:22","guid":{"rendered":"https:\/\/transcultura.blogservice-fuerth.de\/contact\/"},"modified":"2023-01-09T10:45:49","modified_gmt":"2023-01-09T09:45:49","slug":"contact","status":"publish","type":"page","link":"https:\/\/www.transcultura.de\/fr\/contact\/","title":{"rendered":"Contact"},"content":{"rendered":"<p>[et_pb_section fb_built=\u00a0\u00bb1&Prime; next_background_color=\u00a0\u00bb#FFFFFF\u00a0\u00bb admin_label=\u00a0\u00bbHeader\u00a0\u00bb _builder_version=\u00a0\u00bb4.16&Prime; _module_preset=\u00a0\u00bbdefault\u00a0\u00bb background_color=\u00a0\u00bb#92a5ab\u00a0\u00bb background_enable_image=\u00a0\u00bboff\u00a0\u00bb background_size=\u00a0\u00bbinitial\u00a0\u00bb background_position=\u00a0\u00bbtop_right\u00a0\u00bb custom_padding=\u00a0\u00bb5vw||0px||false|false\u00a0\u00bb bottom_divider_style=\u00a0\u00bbslant\u00a0\u00bb bottom_divider_height=\u00a0\u00bb20vw\u00a0\u00bb locked=\u00a0\u00bboff\u00a0\u00bb global_colors_info=\u00a0\u00bb{%22gcid-af512a5f-530a-4e80-bfc4-3632d9174c8b%22:%91%93,%22gcid-4c4817dc-5fff-48ae-ad50-dfdb1eabb775%22:%91%93}\u00a0\u00bb][et_pb_row column_structure=\u00a0\u00bb1_2,1_2&Prime; _builder_version=\u00a0\u00bb4.16&Prime; _module_preset=\u00a0\u00bbdefault\u00a0\u00bb global_colors_info=\u00a0\u00bb{}\u00a0\u00bb][et_pb_column type=\u00a0\u00bb1_2&Prime; _builder_version=\u00a0\u00bb4.16&Prime; _module_preset=\u00a0\u00bbdefault\u00a0\u00bb global_colors_info=\u00a0\u00bb{}\u00a0\u00bb][et_pb_divider color=\u00a0\u00bb#000000&Prime; divider_weight=\u00a0\u00bb5px\u00a0\u00bb _builder_version=\u00a0\u00bb4.16&Prime; _module_preset=\u00a0\u00bbdefault\u00a0\u00bb max_width=\u00a0\u00bb50px\u00a0\u00bb custom_margin=\u00a0\u00bb||0px||false|false\u00a0\u00bb global_colors_info=\u00a0\u00bb{}\u00a0\u00bb][\/et_pb_divider][et_pb_text _builder_version=\u00a0\u00bb4.16&Prime; _module_preset=\u00a0\u00bbb3e3ff14-5f5c-4608-8ecf-1885ce3da7aa\u00a0\u00bb header_font=\u00a0\u00bb||||||||\u00a0\u00bb header_text_color=\u00a0\u00bb#000000&Prime; header_font_size=\u00a0\u00bb70px\u00a0\u00bb header_line_height=\u00a0\u00bb1.1em\u00a0\u00bb custom_margin=\u00a0\u00bb||10px||false|false\u00a0\u00bb header_font_size_tablet=\u00a0\u00bb40px\u00a0\u00bb header_font_size_phone=\u00a0\u00bb34px\u00a0\u00bb header_font_size_last_edited=\u00a0\u00bbon|desktop\u00a0\u00bb global_colors_info=\u00a0\u00bb{}\u00a0\u00bb]<\/p>\n<h1>Contact<\/h1>\n<p>[\/et_pb_text][et_pb_text _builder_version=\u00a0\u00bb4.16&Prime; _module_preset=\u00a0\u00bbda86b6f0-f83c-4c7c-bdd8-3019777ddffe\u00a0\u00bb text_font=\u00a0\u00bb||||||||\u00a0\u00bb text_text_color=\u00a0\u00bb#000000&Prime; text_font_size=\u00a0\u00bb16px\u00a0\u00bb text_line_height=\u00a0\u00bb1.6em\u00a0\u00bb link_text_color=\u00a0\u00bb#FFFFFF\u00a0\u00bb max_width=\u00a0\u00bb380px\u00a0\u00bb text_font_size_tablet=\u00a0\u00bb15px\u00a0\u00bb text_font_size_phone=\u00a0\u00bb14px\u00a0\u00bb text_font_size_last_edited=\u00a0\u00bbon|desktop\u00a0\u00bb global_colors_info=\u00a0\u00bb{}\u00a0\u00bb]<\/p>\n<p>Nous sommes ravis de l\u2019int\u00e9r\u00eat que vous portez \u00e0 transcultura sprachenservice. Pour nous contacter, vous pouvez remplir le formulaire ou nous envoyer un <a href=\"mailto:info@transcultura.de\">e-mail<\/a>.  Veuillez pr\u00e9ciser la ou les langues cibles ainsi que votre date de livraison et joindre le document.<\/p>\n<p>[\/et_pb_text][et_pb_image src=\u00a0\u00bbhttps:\/\/www.transcultura.de\/wp-content\/uploads\/2021\/09\/transcultura_welt_01.png\u00a0\u00bb title_text=\u00a0\u00bbtranscultura_welt_01&Prime; align_tablet=\u00a0\u00bbcenter\u00a0\u00bb align_phone=\u00a0\u00bb\u00a0\u00bb align_last_edited=\u00a0\u00bbon|desktop\u00a0\u00bb _builder_version=\u00a0\u00bb4.16&Prime; _module_preset=\u00a0\u00bbdefault\u00a0\u00bb max_width=\u00a0\u00bb365px\u00a0\u00bb custom_margin=\u00a0\u00bb50px||-50px||false|false\u00a0\u00bb custom_margin_tablet=\u00a0\u00bb50px||0px||false|false\u00a0\u00bb custom_margin_phone=\u00a0\u00bb\u00a0\u00bb custom_margin_last_edited=\u00a0\u00bbon|phone\u00a0\u00bb border_radii=\u00a0\u00bbon|1000px|1000px|1000px|1000px\u00a0\u00bb global_colors_info=\u00a0\u00bb{}\u00a0\u00bb][\/et_pb_image][\/et_pb_column][et_pb_column type=\u00a0\u00bb1_2&Prime; _builder_version=\u00a0\u00bb4.16&Prime; _module_preset=\u00a0\u00bbdefault\u00a0\u00bb background_color=\u00a0\u00bb#FFFFFF\u00a0\u00bb custom_padding=\u00a0\u00bb100px|60px|100px|60px|true|true\u00a0\u00bb custom_padding_tablet=\u00a0\u00bb40px|30px|40px|30px|true|true\u00a0\u00bb custom_padding_phone=\u00a0\u00bb|20px||20px|true|true\u00a0\u00bb custom_padding_last_edited=\u00a0\u00bbon|phone\u00a0\u00bb global_colors_info=\u00a0\u00bb{}\u00a0\u00bb][et_pb_text _builder_version=\u00a0\u00bb4.16&Prime; _module_preset=\u00a0\u00bbdefault\u00a0\u00bb global_colors_info=\u00a0\u00bb{}\u00a0\u00bb]<\/p>\n<h3>Demander un devis sans engagement.<\/h3>\n<p>[\/et_pb_text][et_pb_code _builder_version=\u00a0\u00bb4.16&Prime; _module_preset=\u00a0\u00bbdefault\u00a0\u00bb global_colors_info=\u00a0\u00bb{}\u00a0\u00bb]\n<div class=\"wpcf7 no-js\" id=\"wpcf7-f208483-o1\" lang=\"fr-FR\" dir=\"ltr\" data-wpcf7-id=\"208483\">\n<div class=\"screen-reader-response\"><p role=\"status\" aria-live=\"polite\" aria-atomic=\"true\"><\/p> <ul><\/ul><\/div>\n<form action=\"\/fr\/wp-json\/wp\/v2\/pages\/208472#wpcf7-f208483-o1\" method=\"post\" class=\"wpcf7-form init\" aria-label=\"Formulaire de contact\" enctype=\"multipart\/form-data\" novalidate=\"novalidate\" data-status=\"init\">\n<fieldset class=\"hidden-fields-container\"><input type=\"hidden\" name=\"_wpcf7\" value=\"208483\" \/><input type=\"hidden\" name=\"_wpcf7_version\" value=\"6.1.5\" \/><input type=\"hidden\" name=\"_wpcf7_locale\" value=\"fr_FR\" \/><input type=\"hidden\" name=\"_wpcf7_unit_tag\" value=\"wpcf7-f208483-o1\" \/><input type=\"hidden\" name=\"_wpcf7_container_post\" value=\"0\" \/><input type=\"hidden\" name=\"_wpcf7_posted_data_hash\" value=\"\" \/>\n<\/fieldset>\n<p><label><br \/>\n<span class=\"wpcf7-form-control-wrap\" data-name=\"your-name\"><input size=\"40\" maxlength=\"400\" class=\"wpcf7-form-control wpcf7-text wpcf7-validates-as-required frm\" aria-required=\"true\" aria-invalid=\"false\" value=\"Nom\" type=\"text\" name=\"your-name\" \/><\/span> <\/label>\n<\/p>\n<p><label><br \/>\n<span class=\"wpcf7-form-control-wrap\" data-name=\"your-email\"><input size=\"40\" maxlength=\"400\" class=\"wpcf7-form-control wpcf7-email wpcf7-validates-as-required wpcf7-text wpcf7-validates-as-email frm\" aria-required=\"true\" aria-invalid=\"false\" value=\"Adresse e-mail\" type=\"email\" name=\"your-email\" \/><\/span> <\/label>\n<\/p>\n<p><label><br \/>\n<span class=\"wpcf7-form-control-wrap\" data-name=\"your-subject\"><input size=\"40\" maxlength=\"400\" class=\"wpcf7-form-control wpcf7-text wpcf7-validates-as-required frm\" aria-required=\"true\" aria-invalid=\"false\" value=\"Objet\" type=\"text\" name=\"your-subject\" \/><\/span> <\/label>\n<\/p>\n<p><label><br \/>\n<span class=\"wpcf7-form-control-wrap\" data-name=\"your-message\"><textarea cols=\"40\" rows=\"10\" maxlength=\"2000\" class=\"wpcf7-form-control wpcf7-textarea frm\" aria-invalid=\"false\" name=\"your-message\">Votre message<\/textarea><\/span> <\/label>\n<\/p>\n<p><label><\/label>\n<\/p>\n<p>Joindre un fichier (5MB max.)\n<\/p>\n<p><span class=\"wpcf7-form-control-wrap\" data-name=\"file-31\"><input size=\"40\" class=\"wpcf7-form-control wpcf7-file\" accept=\".docx,.doc,.pdf,.jpg,.jpeg,.png,.ppt,.pptx\" aria-invalid=\"false\" type=\"file\" name=\"file-31\" \/><\/span>\n<\/p>\n<p><input class=\"wpcf7-form-control wpcf7-submit has-spinner\" type=\"submit\" value=\"Envoyer\" \/>\n<\/p><div class=\"wpcf7-response-output\" aria-hidden=\"true\"><\/div>\n<\/form>\n<\/div>\n[\/et_pb_code][\/et_pb_column][\/et_pb_row][\/et_pb_section][et_pb_section fb_built=\u00a0\u00bb1&Prime; admin_label=\u00a0\u00bbContact Info\u00a0\u00bb _builder_version=\u00a0\u00bb4.16&Prime; _module_preset=\u00a0\u00bbdefault\u00a0\u00bb background_color=\u00a0\u00bb#FFFFFF\u00a0\u00bb background_image=\u00a0\u00bbhttps:\/\/www.transcultura.de\/wp-content\/uploads\/2021\/08\/estate-planning-26.png\u00a0\u00bb custom_padding=\u00a0\u00bb10vw||80px||false|false\u00a0\u00bb global_colors_info=\u00a0\u00bb{}\u00a0\u00bb][et_pb_row column_structure=\u00a0\u00bb1_3,1_3,1_3&Prime; _builder_version=\u00a0\u00bb4.16&Prime; _module_preset=\u00a0\u00bbdefault\u00a0\u00bb global_colors_info=\u00a0\u00bb{}\u00a0\u00bb][et_pb_column type=\u00a0\u00bb1_3&Prime; _builder_version=\u00a0\u00bb4.16&Prime; _module_preset=\u00a0\u00bbdefault\u00a0\u00bb background_color=\u00a0\u00bb#0080C8&Prime; custom_padding=\u00a0\u00bb50px||50px||true|false\u00a0\u00bb border_radii=\u00a0\u00bbon|15px|15px|15px|15px\u00a0\u00bb global_colors_info=\u00a0\u00bb{}\u00a0\u00bb][et_pb_text _builder_version=\u00a0\u00bb4.19.4&Prime; _module_preset=\u00a0\u00bbdefault\u00a0\u00bb text_text_color=\u00a0\u00bb#FFFFFF\u00a0\u00bb text_font_size=\u00a0\u00bb16px\u00a0\u00bb header_3_text_align=\u00a0\u00bbcenter\u00a0\u00bb header_3_text_color=\u00a0\u00bb#FFFFFF\u00a0\u00bb header_3_font_size=\u00a0\u00bb26px\u00a0\u00bb header_3_letter_spacing=\u00a0\u00bb2px\u00a0\u00bb header_3_line_height=\u00a0\u00bb1.5em\u00a0\u00bb text_orientation=\u00a0\u00bbcenter\u00a0\u00bb hover_enabled=\u00a0\u00bb0&Prime; global_colors_info=\u00a0\u00bb{}\u00a0\u00bb sticky_enabled=\u00a0\u00bb0&Prime;]<\/p>\n<h3>Adresse<\/h3>\n<p><span>transcultura sprachenservice<\/span><br \/><span>O&rsquo;Brien-Str. 2<\/span><br \/><span>91126 Schwabach<\/span><br \/>(<span>pour l&rsquo;exp\u00e9dition du courrier uniquement<\/span>)<\/p>\n<p>[\/et_pb_text][\/et_pb_column][et_pb_column type=\u00a0\u00bb1_3&Prime; _builder_version=\u00a0\u00bb4.16&Prime; _module_preset=\u00a0\u00bbdefault\u00a0\u00bb background_color=\u00a0\u00bb#0080C8&Prime; custom_padding=\u00a0\u00bb50px||50px||true|false\u00a0\u00bb border_radii=\u00a0\u00bbon|15px|15px|15px|15px\u00a0\u00bb global_colors_info=\u00a0\u00bb{}\u00a0\u00bb][et_pb_text _builder_version=\u00a0\u00bb4.19.4&Prime; _module_preset=\u00a0\u00bbdefault\u00a0\u00bb text_text_color=\u00a0\u00bb#FFFFFF\u00a0\u00bb text_font_size=\u00a0\u00bb16px\u00a0\u00bb link_text_color=\u00a0\u00bb#FFFFFF\u00a0\u00bb header_3_text_align=\u00a0\u00bbcenter\u00a0\u00bb header_3_text_color=\u00a0\u00bb#FFFFFF\u00a0\u00bb header_3_font_size=\u00a0\u00bb26px\u00a0\u00bb header_3_letter_spacing=\u00a0\u00bb2px\u00a0\u00bb header_3_line_height=\u00a0\u00bb1.5em\u00a0\u00bb text_orientation=\u00a0\u00bbcenter\u00a0\u00bb global_colors_info=\u00a0\u00bb{}\u00a0\u00bb]<\/p>\n<h3>T\u00e9l\u00e9phone<\/h3>\n<p><a href=\"tel:+4991228870652\"><span>+49(0)9122 88 70 652<\/span><\/a>[\/et_pb_text][\/et_pb_column][et_pb_column type=\u00a0\u00bb1_3&Prime; _builder_version=\u00a0\u00bb4.16&Prime; _module_preset=\u00a0\u00bbdefault\u00a0\u00bb background_color=\u00a0\u00bb#0080C8&Prime; custom_padding=\u00a0\u00bb50px||50px||true|false\u00a0\u00bb border_radii=\u00a0\u00bbon|15px|15px|15px|15px\u00a0\u00bb global_colors_info=\u00a0\u00bb{}\u00a0\u00bb][et_pb_text _builder_version=\u00a0\u00bb4.16&Prime; _module_preset=\u00a0\u00bbdefault\u00a0\u00bb text_text_color=\u00a0\u00bb#FFFFFF\u00a0\u00bb text_font_size=\u00a0\u00bb16px\u00a0\u00bb link_text_color=\u00a0\u00bb#FFFFFF\u00a0\u00bb header_3_text_align=\u00a0\u00bbcenter\u00a0\u00bb header_3_text_color=\u00a0\u00bb#FFFFFF\u00a0\u00bb header_3_font_size=\u00a0\u00bb26px\u00a0\u00bb header_3_letter_spacing=\u00a0\u00bb2px\u00a0\u00bb header_3_line_height=\u00a0\u00bb1.5em\u00a0\u00bb text_orientation=\u00a0\u00bbcenter\u00a0\u00bb global_colors_info=\u00a0\u00bb{}\u00a0\u00bb]<\/p>\n<h3>E-mail<\/h3>\n<p><a href=\"mailto:info@transcultura.de\">info@transcultura.de<\/a><\/p>\n<p>[\/et_pb_text][\/et_pb_column][\/et_pb_row][\/et_pb_section]<\/p>\n","protected":false},"excerpt":{"rendered":"<p>ContactNous sommes ravis de l\u2019int\u00e9r\u00eat que vous portez \u00e0 transcultura sprachenservice. Pour nous contacter, vous pouvez remplir le formulaire ou nous envoyer un e-mail. Veuillez pr\u00e9ciser la ou les langues cibles ainsi que votre date de livraison et joindre le document.Demander un devis sans engagement.\n<div class=\"wpcf7 no-js\" id=\"wpcf7-f208483-o2\" lang=\"fr-FR\" dir=\"ltr\" data-wpcf7-id=\"208483\">\n<div class=\"screen-reader-response\"><p role=\"status\" aria-live=\"polite\" aria-atomic=\"true\"><\/p> <ul><\/ul><\/div>\n<form action=\"\/fr\/wp-json\/wp\/v2\/pages\/208472#wpcf7-f208483-o2\" method=\"post\" class=\"wpcf7-form init\" aria-label=\"Formulaire de contact\" enctype=\"multipart\/form-data\" novalidate=\"novalidate\" data-status=\"init\">\n<fieldset class=\"hidden-fields-container\"><input type=\"hidden\" name=\"_wpcf7\" value=\"208483\" \/><input type=\"hidden\" name=\"_wpcf7_version\" value=\"6.1.5\" \/><input type=\"hidden\" name=\"_wpcf7_locale\" value=\"fr_FR\" \/><input type=\"hidden\" name=\"_wpcf7_unit_tag\" value=\"wpcf7-f208483-o2\" \/><input type=\"hidden\" name=\"_wpcf7_container_post\" value=\"0\" \/><input type=\"hidden\" name=\"_wpcf7_posted_data_hash\" value=\"\" \/>\n<\/fieldset>\n<p><label><br \/>\n<span class=\"wpcf7-form-control-wrap\" data-name=\"your-name\"><input size=\"40\" maxlength=\"400\" class=\"wpcf7-form-control wpcf7-text wpcf7-validates-as-required frm\" aria-required=\"true\" aria-invalid=\"false\" value=\"Nom\" type=\"text\" name=\"your-name\" \/><\/span> <\/label>\n<\/p>\n<p><label><br \/>\n<span class=\"wpcf7-form-control-wrap\" data-name=\"your-email\"><input size=\"40\" maxlength=\"400\" class=\"wpcf7-form-control wpcf7-email wpcf7-validates-as-required wpcf7-text wpcf7-validates-as-email frm\" aria-required=\"true\" aria-invalid=\"false\" value=\"Adresse e-mail\" type=\"email\" name=\"your-email\" \/><\/span> <\/label>\n<\/p>\n<p><label><br \/>\n<span class=\"wpcf7-form-control-wrap\" data-name=\"your-subject\"><input size=\"40\" maxlength=\"400\" class=\"wpcf7-form-control wpcf7-text wpcf7-validates-as-required frm\" aria-required=\"true\" aria-invalid=\"false\" value=\"Objet\" type=\"text\" name=\"your-subject\" \/><\/span> <\/label>\n<\/p>\n<p><label><br \/>\n<span class=\"wpcf7-form-control-wrap\" data-name=\"your-message\"><textarea cols=\"40\" rows=\"10\" maxlength=\"2000\" class=\"wpcf7-form-control wpcf7-textarea frm\" aria-invalid=\"false\" name=\"your-message\">Votre message<\/textarea><\/span> <\/label>\n<\/p>\n<p><label><\/label>\n<\/p>\n<p>Joindre un fichier (5MB max.)\n<\/p>\n<p><span class=\"wpcf7-form-control-wrap\" data-name=\"file-31\"><input size=\"40\" class=\"wpcf7-form-control wpcf7-file\" accept=\".docx,.doc,.pdf,.jpg,.jpeg,.png,.ppt,.pptx\" aria-invalid=\"false\" type=\"file\" name=\"file-31\" \/><\/span>\n<\/p>\n<p><input class=\"wpcf7-form-control wpcf7-submit has-spinner\" type=\"submit\" value=\"Envoyer\" \/>\n<\/p><div class=\"wpcf7-response-output\" aria-hidden=\"true\"><\/div>\n<\/form>\n<\/div>\nAdresse transcultura sprachenserviceO&rsquo;Brien-Str. 291126 Schwabach(pour l&rsquo;exp\u00e9dition du courrier [&hellip;]<\/p>\n","protected":false},"author":1,"featured_media":208279,"parent":0,"menu_order":0,"comment_status":"closed","ping_status":"closed","template":"","meta":{"_et_pb_use_builder":"on","_et_pb_old_content":"","_et_gb_content_width":"","footnotes":""},"class_list":["post-208472","page","type-page","status-publish","has-post-thumbnail","hentry"],"yoast_head":"<!-- This site is optimized with the Yoast SEO plugin v27.4 - https:\/\/yoast.com\/product\/yoast-seo-wordpress\/ -->\n<title>\u270f\ufe0f \u00c9crivez-nous | Contact - transcultura.de<\/title>\n<meta name=\"description\" content=\"Nous r\u00e9alisons des \u2714\ufe0ftraductions, \u2714\ufe0finterpr\u00e9tations et proposons des \u2714\ufe0f cours de langues individuels. Notre bureau de traduction \u00e0 Schwabach propose des ..\" \/>\n<meta name=\"robots\" content=\"index, follow, max-snippet:-1, max-image-preview:large, max-video-preview:-1\" \/>\n<link rel=\"canonical\" href=\"https:\/\/www.transcultura.de\/fr\/contact\/\" \/>\n<meta property=\"og:locale\" content=\"fr_FR\" \/>\n<meta property=\"og:type\" content=\"article\" \/>\n<meta property=\"og:title\" content=\"\u270f\ufe0f \u00c9crivez-nous | Contact - transcultura.de\" \/>\n<meta property=\"og:description\" content=\"Nous r\u00e9alisons des \u2714\ufe0ftraductions, \u2714\ufe0finterpr\u00e9tations et proposons des \u2714\ufe0f cours de langues individuels. Notre bureau de traduction \u00e0 Schwabach propose des ..\" \/>\n<meta property=\"og:url\" content=\"https:\/\/www.transcultura.de\/fr\/contact\/\" \/>\n<meta property=\"og:site_name\" content=\"transcultura.de\" \/>\n<meta property=\"article:publisher\" content=\"https:\/\/www.facebook.com\/transculturasprachenservice\" \/>\n<meta property=\"article:modified_time\" content=\"2023-01-09T09:45:49+00:00\" \/>\n<meta property=\"og:image\" content=\"https:\/\/www.transcultura.de\/wp-content\/uploads\/2021\/12\/transcultura-Beitragsbild.jpg\" \/>\n<meta name=\"twitter:card\" content=\"summary_large_image\" \/>\n<meta name=\"twitter:site\" content=\"@transcultura_de\" \/>\n<meta name=\"twitter:label1\" content=\"Dur\u00e9e de lecture estim\u00e9e\" \/>\n\t<meta name=\"twitter:data1\" content=\"4 minutes\" \/>\n<script type=\"application\/ld+json\" class=\"yoast-schema-graph\">{\"@context\":\"https:\\\/\\\/schema.org\",\"@graph\":[{\"@type\":\"WebPage\",\"@id\":\"https:\\\/\\\/www.transcultura.de\\\/fr\\\/contact\\\/\",\"url\":\"https:\\\/\\\/www.transcultura.de\\\/fr\\\/contact\\\/\",\"name\":\"\u270f\ufe0f \u00c9crivez-nous | Contact - transcultura.de\",\"isPartOf\":{\"@id\":\"https:\\\/\\\/www.transcultura.de\\\/fr\\\/#website\"},\"primaryImageOfPage\":{\"@id\":\"https:\\\/\\\/www.transcultura.de\\\/fr\\\/contact\\\/#primaryimage\"},\"image\":{\"@id\":\"https:\\\/\\\/www.transcultura.de\\\/fr\\\/contact\\\/#primaryimage\"},\"thumbnailUrl\":\"https:\\\/\\\/www.transcultura.de\\\/wp-content\\\/uploads\\\/2021\\\/12\\\/transcultura-Beitragsbild.jpg\",\"datePublished\":\"2021-12-26T09:33:22+00:00\",\"dateModified\":\"2023-01-09T09:45:49+00:00\",\"description\":\"Nous r\u00e9alisons des \u2714\ufe0ftraductions, \u2714\ufe0finterpr\u00e9tations et proposons des \u2714\ufe0f cours de langues individuels. Notre bureau de traduction \u00e0 Schwabach propose des ..\",\"breadcrumb\":{\"@id\":\"https:\\\/\\\/www.transcultura.de\\\/fr\\\/contact\\\/#breadcrumb\"},\"inLanguage\":\"fr-FR\",\"potentialAction\":[{\"@type\":\"ReadAction\",\"target\":[\"https:\\\/\\\/www.transcultura.de\\\/fr\\\/contact\\\/\"]}]},{\"@type\":\"ImageObject\",\"inLanguage\":\"fr-FR\",\"@id\":\"https:\\\/\\\/www.transcultura.de\\\/fr\\\/contact\\\/#primaryimage\",\"url\":\"https:\\\/\\\/www.transcultura.de\\\/wp-content\\\/uploads\\\/2021\\\/12\\\/transcultura-Beitragsbild.jpg\",\"contentUrl\":\"https:\\\/\\\/www.transcultura.de\\\/wp-content\\\/uploads\\\/2021\\\/12\\\/transcultura-Beitragsbild.jpg\",\"width\":1200,\"height\":630},{\"@type\":\"BreadcrumbList\",\"@id\":\"https:\\\/\\\/www.transcultura.de\\\/fr\\\/contact\\\/#breadcrumb\",\"itemListElement\":[{\"@type\":\"ListItem\",\"position\":1,\"name\":\"Startseite\",\"item\":\"https:\\\/\\\/www.transcultura.de\\\/fr\\\/\"},{\"@type\":\"ListItem\",\"position\":2,\"name\":\"Contact\"}]},{\"@type\":\"WebSite\",\"@id\":\"https:\\\/\\\/www.transcultura.de\\\/fr\\\/#website\",\"url\":\"https:\\\/\\\/www.transcultura.de\\\/fr\\\/\",\"name\":\"transcultura.de\",\"description\":\"Professionelles \u00dcbersetzungsb\u00fcro seit 20 Jahren in Schwabach.\",\"publisher\":{\"@id\":\"https:\\\/\\\/www.transcultura.de\\\/fr\\\/#organization\"},\"potentialAction\":[{\"@type\":\"SearchAction\",\"target\":{\"@type\":\"EntryPoint\",\"urlTemplate\":\"https:\\\/\\\/www.transcultura.de\\\/fr\\\/?s={search_term_string}\"},\"query-input\":{\"@type\":\"PropertyValueSpecification\",\"valueRequired\":true,\"valueName\":\"search_term_string\"}}],\"inLanguage\":\"fr-FR\"},{\"@type\":\"Organization\",\"@id\":\"https:\\\/\\\/www.transcultura.de\\\/fr\\\/#organization\",\"name\":\"transcultura Sprachenservice\",\"url\":\"https:\\\/\\\/www.transcultura.de\\\/fr\\\/\",\"logo\":{\"@type\":\"ImageObject\",\"inLanguage\":\"fr-FR\",\"@id\":\"https:\\\/\\\/www.transcultura.de\\\/fr\\\/#\\\/schema\\\/logo\\\/image\\\/\",\"url\":\"https:\\\/\\\/www.transcultura.de\\\/wp-content\\\/uploads\\\/2021\\\/08\\\/transcultura_Logo_neu.png\",\"contentUrl\":\"https:\\\/\\\/www.transcultura.de\\\/wp-content\\\/uploads\\\/2021\\\/08\\\/transcultura_Logo_neu.png\",\"width\":500,\"height\":116,\"caption\":\"transcultura Sprachenservice\"},\"image\":{\"@id\":\"https:\\\/\\\/www.transcultura.de\\\/fr\\\/#\\\/schema\\\/logo\\\/image\\\/\"},\"sameAs\":[\"https:\\\/\\\/www.facebook.com\\\/transculturasprachenservice\",\"https:\\\/\\\/x.com\\\/transcultura_de\",\"https:\\\/\\\/www.instagram.com\\\/transcultura.de\\\/\",\"https:\\\/\\\/www.linkedin.com\\\/in\\\/elke-trautwein-76700116\\\/\"]}]}<\/script>\n<!-- \/ Yoast SEO plugin. -->","yoast_head_json":{"title":"\u270f\ufe0f \u00c9crivez-nous | Contact - transcultura.de","description":"Nous r\u00e9alisons des \u2714\ufe0ftraductions, \u2714\ufe0finterpr\u00e9tations et proposons des \u2714\ufe0f cours de langues individuels. Notre bureau de traduction \u00e0 Schwabach propose des ..","robots":{"index":"index","follow":"follow","max-snippet":"max-snippet:-1","max-image-preview":"max-image-preview:large","max-video-preview":"max-video-preview:-1"},"canonical":"https:\/\/www.transcultura.de\/fr\/contact\/","og_locale":"fr_FR","og_type":"article","og_title":"\u270f\ufe0f \u00c9crivez-nous | Contact - transcultura.de","og_description":"Nous r\u00e9alisons des \u2714\ufe0ftraductions, \u2714\ufe0finterpr\u00e9tations et proposons des \u2714\ufe0f cours de langues individuels. Notre bureau de traduction \u00e0 Schwabach propose des ..","og_url":"https:\/\/www.transcultura.de\/fr\/contact\/","og_site_name":"transcultura.de","article_publisher":"https:\/\/www.facebook.com\/transculturasprachenservice","article_modified_time":"2023-01-09T09:45:49+00:00","og_image":[{"url":"https:\/\/www.transcultura.de\/wp-content\/uploads\/2021\/12\/transcultura-Beitragsbild.jpg","type":"","width":"","height":""}],"twitter_card":"summary_large_image","twitter_site":"@transcultura_de","twitter_misc":{"Dur\u00e9e de lecture estim\u00e9e":"4 minutes"},"schema":{"@context":"https:\/\/schema.org","@graph":[{"@type":"WebPage","@id":"https:\/\/www.transcultura.de\/fr\/contact\/","url":"https:\/\/www.transcultura.de\/fr\/contact\/","name":"\u270f\ufe0f \u00c9crivez-nous | Contact - transcultura.de","isPartOf":{"@id":"https:\/\/www.transcultura.de\/fr\/#website"},"primaryImageOfPage":{"@id":"https:\/\/www.transcultura.de\/fr\/contact\/#primaryimage"},"image":{"@id":"https:\/\/www.transcultura.de\/fr\/contact\/#primaryimage"},"thumbnailUrl":"https:\/\/www.transcultura.de\/wp-content\/uploads\/2021\/12\/transcultura-Beitragsbild.jpg","datePublished":"2021-12-26T09:33:22+00:00","dateModified":"2023-01-09T09:45:49+00:00","description":"Nous r\u00e9alisons des \u2714\ufe0ftraductions, \u2714\ufe0finterpr\u00e9tations et proposons des \u2714\ufe0f cours de langues individuels. Notre bureau de traduction \u00e0 Schwabach propose des ..","breadcrumb":{"@id":"https:\/\/www.transcultura.de\/fr\/contact\/#breadcrumb"},"inLanguage":"fr-FR","potentialAction":[{"@type":"ReadAction","target":["https:\/\/www.transcultura.de\/fr\/contact\/"]}]},{"@type":"ImageObject","inLanguage":"fr-FR","@id":"https:\/\/www.transcultura.de\/fr\/contact\/#primaryimage","url":"https:\/\/www.transcultura.de\/wp-content\/uploads\/2021\/12\/transcultura-Beitragsbild.jpg","contentUrl":"https:\/\/www.transcultura.de\/wp-content\/uploads\/2021\/12\/transcultura-Beitragsbild.jpg","width":1200,"height":630},{"@type":"BreadcrumbList","@id":"https:\/\/www.transcultura.de\/fr\/contact\/#breadcrumb","itemListElement":[{"@type":"ListItem","position":1,"name":"Startseite","item":"https:\/\/www.transcultura.de\/fr\/"},{"@type":"ListItem","position":2,"name":"Contact"}]},{"@type":"WebSite","@id":"https:\/\/www.transcultura.de\/fr\/#website","url":"https:\/\/www.transcultura.de\/fr\/","name":"transcultura.de","description":"Professionelles \u00dcbersetzungsb\u00fcro seit 20 Jahren in Schwabach.","publisher":{"@id":"https:\/\/www.transcultura.de\/fr\/#organization"},"potentialAction":[{"@type":"SearchAction","target":{"@type":"EntryPoint","urlTemplate":"https:\/\/www.transcultura.de\/fr\/?s={search_term_string}"},"query-input":{"@type":"PropertyValueSpecification","valueRequired":true,"valueName":"search_term_string"}}],"inLanguage":"fr-FR"},{"@type":"Organization","@id":"https:\/\/www.transcultura.de\/fr\/#organization","name":"transcultura Sprachenservice","url":"https:\/\/www.transcultura.de\/fr\/","logo":{"@type":"ImageObject","inLanguage":"fr-FR","@id":"https:\/\/www.transcultura.de\/fr\/#\/schema\/logo\/image\/","url":"https:\/\/www.transcultura.de\/wp-content\/uploads\/2021\/08\/transcultura_Logo_neu.png","contentUrl":"https:\/\/www.transcultura.de\/wp-content\/uploads\/2021\/08\/transcultura_Logo_neu.png","width":500,"height":116,"caption":"transcultura Sprachenservice"},"image":{"@id":"https:\/\/www.transcultura.de\/fr\/#\/schema\/logo\/image\/"},"sameAs":["https:\/\/www.facebook.com\/transculturasprachenservice","https:\/\/x.com\/transcultura_de","https:\/\/www.instagram.com\/transcultura.de\/","https:\/\/www.linkedin.com\/in\/elke-trautwein-76700116\/"]}]}},"_links":{"self":[{"href":"https:\/\/www.transcultura.de\/fr\/wp-json\/wp\/v2\/pages\/208472","targetHints":{"allow":["GET"]}}],"collection":[{"href":"https:\/\/www.transcultura.de\/fr\/wp-json\/wp\/v2\/pages"}],"about":[{"href":"https:\/\/www.transcultura.de\/fr\/wp-json\/wp\/v2\/types\/page"}],"author":[{"embeddable":true,"href":"https:\/\/www.transcultura.de\/fr\/wp-json\/wp\/v2\/users\/1"}],"replies":[{"embeddable":true,"href":"https:\/\/www.transcultura.de\/fr\/wp-json\/wp\/v2\/comments?post=208472"}],"version-history":[{"count":12,"href":"https:\/\/www.transcultura.de\/fr\/wp-json\/wp\/v2\/pages\/208472\/revisions"}],"predecessor-version":[{"id":208662,"href":"https:\/\/www.transcultura.de\/fr\/wp-json\/wp\/v2\/pages\/208472\/revisions\/208662"}],"wp:featuredmedia":[{"embeddable":true,"href":"https:\/\/www.transcultura.de\/fr\/wp-json\/wp\/v2\/media\/208279"}],"wp:attachment":[{"href":"https:\/\/www.transcultura.de\/fr\/wp-json\/wp\/v2\/media?parent=208472"}],"curies":[{"name":"wp","href":"https:\/\/api.w.org\/{rel}","templated":true}]}}